{"id":996,"date":"2021-01-05T11:09:13","date_gmt":"2021-01-05T10:09:13","guid":{"rendered":"https:\/\/www.steinkonservierung.com\/impressum\/"},"modified":"2022-01-12T20:38:49","modified_gmt":"2022-01-12T19:38:49","slug":"impressum","status":"publish","type":"page","link":"https:\/\/www.steinkonservierung.com\/fr\/impressum\/","title":{"rendered":"Impressum"},"content":{"rendered":"<section class=\"l-section wpb_row height_auto width_full\"><div class=\"l-section-h i-cf\"><div class=\"g-cols vc_row via_flex valign_top type_default stacking_default\"><div class=\"vc_col-sm-12 wpb_column vc_column_container\"><div class=\"vc_column-inner\"><div class=\"wpb_wrapper\">[rev_slider_vc alias=\u00a0\u00bbimpressum\u00a0\u00bb]<\/div><\/div><\/div><\/div><\/div><\/section><section class=\"l-section wpb_row height_medium\"><div class=\"l-section-h i-cf\"><div class=\"g-cols vc_row via_flex valign_top type_default stacking_default\"><div class=\"vc_col-sm-12 wpb_column vc_column_container\"><div class=\"vc_column-inner\"><div class=\"wpb_wrapper\"><div class=\"wpb_text_column\"><div class=\"wpb_wrapper\"><h1 class=\"top-margin-0\">Mentions l\u00e9gale \u00a0\u00a75 TMG<\/h1>\n<h4>Responsable du contenu<\/h4>\n<p class=\"bottom-margin-0\">JBACH GmbH<br \/>\nDr. h.c. Hermann Wolf Jbach (Gesch\u00e4ftsf\u00fchrer)<br \/>\nTannenstra\u00dfe 8<br \/>\n9 Bischberg<br \/>\nAllemagne<br \/>\n<b>Tel.: <\/b>+49 9542 8026<br \/>\n<b>Fax:<\/b> +49 9542 8029<span id=\"inhalt\"><br \/>\n<strong>E-Mail:<\/strong> <a href=\"mailto:&quot;wolf@ibach.eu&quot;\">wolf(at)ibach.eu<\/a><br \/>\n<\/span><\/p>\n<p>Handelsregister:<br \/>\nAmtsgericht Bamberg<br \/>\nSitz der Gesellschaft: 96120 Bischberg, HRB<br \/>\nUSt.-ID:<\/p>\n<p><b>Sources d\u2019images<br \/>\n<\/b>Florian Kohler, JBACH GmbH und pexels.com<\/p>\n<p>Photos sous <a class=\"extiw\" title=\"w:en:Creative Commons\" href=\"https:\/\/en.wikipedia.org\/wiki\/en:Creative_Commons\">Creative Commons<\/a>\u00a0<a class=\"external text\" href=\"https:\/\/creativecommons.org\/licenses\/by-sa\/4.0\/deed.en\" rel=\"nofollow\">Attribution-Share Alike 4.0 International<\/a> Licence:<\/p>\n<p><a ref=\"magnificPopup\" href=\"https:\/\/commons.wikimedia.org\/wiki\/File:Berlin_-_Friedenss%C3%A4ule_Mehringplatz.jpg\">File:Berlin &#8211; Friedenss\u00e4ule Mehringplatz.jpg &#8211; Wikimedia Commons<\/a><br \/>\navec ciel modifi\u00e9<\/p>\n<p><strong>Liens vers d\u2019autres sites Web<\/strong><\/p>\n<p>JBACH GmbH d\u00e9clare express\u00e9ment qu\u2019au moment de la mise en place du lien, les pages li\u00e9es ne contenaient aucun contenu ill\u00e9gal. JBACH n\u2019a aucune influence sur la conception actuelle et future des pages li\u00e9es et se distancie donc express\u00e9ment de toutes les modifications de contenu apport\u00e9es aux pages li\u00e9es apr\u00e8s la mise en place des liens.<\/p>\n<p><b>Marque<\/b><br \/>\nSauf indication contraire, toutes les marques de commerce utilis\u00e9es sur les pages Internet sont prot\u00e9g\u00e9es par le droit des marques. Cela est particuli\u00e8rement vrai pour les logos et les plaques d\u2019immatriculation des entreprises.<\/p>\n<p><strong>Contenu de l\u2019offre en ligne<\/strong><br \/>\nJBACH GmbH d\u00e9cline toute responsabilit\u00e9 quant \u00e0 l\u2019actualit\u00e9, l\u2019exactitude, l\u2019exhaustivit\u00e9 ou la qualit\u00e9 des informations fournies. Les actions en responsabilit\u00e9 contre l\u2019auteur relatives \u00e0 des dommages mat\u00e9riels ou immat\u00e9riels caus\u00e9s par l\u2019utilisation ou la non-utilisation des informations fournies ou par l\u2019utilisation d\u2019informations incorrectes et incompl\u00e8tes sont g\u00e9n\u00e9ralement exclues, sauf s\u2019il peut \u00eatre prouv\u00e9 que JBACH a agi intentionnellement ou par n\u00e9gligence grave. Toutes les offres sont sujettes \u00e0 changement et sans engagement. JBACH GmbH se r\u00e9serve express\u00e9ment le droit de modifier, compl\u00e9ter ou supprimer des parties des pages ou l\u2019ensemble de l\u2019offre sans annonce s\u00e9par\u00e9e ou de cesser la publication temporairement ou d\u00e9finitivement. Ni la publication ni son contenu ne peuvent \u00eatre modifi\u00e9s de quelque mani\u00e8re que ce soit ou distribu\u00e9s ou transmis \u00e0 des tiers sans l\u2019autorisation expresse pr\u00e9alable de JBACH.<\/p>\n<\/div><\/div><\/div><\/div><\/div><\/div><\/div><\/section>\n","protected":false},"excerpt":{"rendered":"[rev_slider_vc alias=\"impressum\"]Mentions l\u00e9gale \u00a0\u00a75 TMG Responsable du contenu JBACH GmbH Dr. h.c. Hermann Wolf Jbach (Gesch\u00e4ftsf\u00fchrer) Tannenstra\u00dfe 8 9 Bischberg Allemagne Tel.: +49 9542 8026 Fax: +49 9542 8029 E-Mail: wolf(at)ibach.eu Handelsregister: Amtsgericht Bamberg Sitz der Gesellschaft: 96120 Bischberg, HRB USt.-ID: Sources d\u2019images Florian Kohler, JBACH GmbH und pexels.com Photos sous Creative Commons\u00a0Attribution-Share Alike 4.0...","protected":false},"author":2,"featured_media":0,"parent":0,"menu_order":0,"comment_status":"closed","ping_status":"closed","template":"","meta":[],"_links":{"self":[{"href":"https:\/\/www.steinkonservierung.com\/fr\/wp-json\/wp\/v2\/pages\/996"}],"collection":[{"href":"https:\/\/www.steinkonservierung.com\/fr\/wp-json\/wp\/v2\/pages"}],"about":[{"href":"https:\/\/www.steinkonservierung.com\/fr\/wp-json\/wp\/v2\/types\/page"}],"author":[{"embeddable":true,"href":"https:\/\/www.steinkonservierung.com\/fr\/wp-json\/wp\/v2\/users\/2"}],"replies":[{"embeddable":true,"href":"https:\/\/www.steinkonservierung.com\/fr\/wp-json\/wp\/v2\/comments?post=996"}],"version-history":[{"count":2,"href":"https:\/\/www.steinkonservierung.com\/fr\/wp-json\/wp\/v2\/pages\/996\/revisions"}],"predecessor-version":[{"id":998,"href":"https:\/\/www.steinkonservierung.com\/fr\/wp-json\/wp\/v2\/pages\/996\/revisions\/998"}],"wp:attachment":[{"href":"https:\/\/www.steinkonservierung.com\/fr\/wp-json\/wp\/v2\/media?parent=996"}],"curies":[{"name":"wp","href":"https:\/\/api.w.org\/{rel}","templated":true}]}}