{"id":954,"date":"2021-01-05T10:18:06","date_gmt":"2021-01-05T09:18:06","guid":{"rendered":"https:\/\/www.steinkonservierung.com\/kontakt\/"},"modified":"2022-01-12T19:56:46","modified_gmt":"2022-01-12T18:56:46","slug":"kontakt","status":"publish","type":"page","link":"https:\/\/www.steinkonservierung.com\/fr\/kontakt\/","title":{"rendered":"Kontakt"},"content":{"rendered":"<section class=\"l-section wpb_row height_auto width_full\"><div class=\"l-section-h i-cf\"><div class=\"g-cols vc_row via_flex valign_top type_default stacking_default\"><div class=\"vc_col-sm-12 wpb_column vc_column_container\"><div class=\"vc_column-inner\"><div class=\"wpb_wrapper\">[rev_slider_vc alias=\u00a0\u00bbkontakt-fr\u00a0\u00bb]<\/div><\/div><\/div><\/div><\/div><\/section><section class=\"l-section wpb_row height_medium\"><div class=\"l-section-h i-cf\"><div class=\"g-cols vc_row via_flex valign_top type_default stacking_default\"><div class=\"vc_col-sm-12 wpb_column vc_column_container\"><div class=\"vc_column-inner\"><div class=\"wpb_wrapper\"><div class=\"wpb_text_column\"><div class=\"wpb_wrapper\"><h4 style=\"text-align: center;\">Si vous \u00eates int\u00e9ress\u00e9 par nos services et technologies, n\u2019h\u00e9sitez pas \u00e0 nous contacter!<\/h4>\n<\/div><\/div><\/div><\/div><\/div><\/div><\/div><\/section><section class=\"l-section wpb_row us_custom_f3f37ee7 height_auto\"><div class=\"l-section-h i-cf\"><div class=\"g-cols vc_row via_flex valign_top type_default stacking_default\"><div class=\"vc_col-sm-2 wpb_column vc_column_container\"><div class=\"vc_column-inner\"><div class=\"wpb_wrapper\"><\/div><\/div><\/div><div class=\"vc_col-sm-8 wpb_column vc_column_container\"><div class=\"vc_column-inner\"><div class=\"wpb_wrapper\"><div class=\"wpb_text_column\"><div class=\"wpb_wrapper\"><p style=\"text-align: center;\">\n<div class=\"wpcf7 no-js\" id=\"wpcf7-f1000-o1\" lang=\"fr-FR\" dir=\"ltr\">\n<div class=\"screen-reader-response\"><p role=\"status\" aria-live=\"polite\" aria-atomic=\"true\"><\/p> <ul><\/ul><\/div>\n<form action=\"\/fr\/wp-json\/wp\/v2\/pages\/954#wpcf7-f1000-o1\" method=\"post\" class=\"wpcf7-form init\" aria-label=\"Formulaire de contact\" novalidate=\"novalidate\" data-status=\"init\">\n<div style=\"display: none;\">\n<input type=\"hidden\" name=\"_wpcf7\" value=\"1000\" \/>\n<input type=\"hidden\" name=\"_wpcf7_version\" value=\"5.8.7\" \/>\n<input type=\"hidden\" name=\"_wpcf7_locale\" value=\"fr_FR\" \/>\n<input type=\"hidden\" name=\"_wpcf7_unit_tag\" value=\"wpcf7-f1000-o1\" \/>\n<input type=\"hidden\" name=\"_wpcf7_container_post\" value=\"0\" \/>\n<input type=\"hidden\" name=\"_wpcf7_posted_data_hash\" value=\"\" \/>\n<\/div>\n<p><label> Votre nom<br \/>\n<span class=\"wpcf7-form-control-wrap\" data-name=\"your-name\"><input size=\"40\" class=\"wpcf7-form-control wpcf7-text wpcf7-validates-as-required\" aria-required=\"true\" aria-invalid=\"false\" value=\"\" type=\"text\" name=\"your-name\" \/><\/span> <\/label>\n<\/p>\n<p><label> Votre adresse e-mail<br \/>\n<span class=\"wpcf7-form-control-wrap\" data-name=\"your-email\"><input size=\"40\" class=\"wpcf7-form-control wpcf7-email wpcf7-validates-as-required wpcf7-text wpcf7-validates-as-email\" aria-required=\"true\" aria-invalid=\"false\" value=\"\" type=\"email\" name=\"your-email\" \/><\/span> <\/label>\n<\/p>\n<p><label> Objet<br \/>\n<span class=\"wpcf7-form-control-wrap\" data-name=\"your-subject\"><input size=\"40\" class=\"wpcf7-form-control wpcf7-text wpcf7-validates-as-required\" aria-required=\"true\" aria-invalid=\"false\" value=\"\" type=\"text\" name=\"your-subject\" \/><\/span> <\/label>\n<\/p>\n<p><label> Votre message (facultatif)<br \/>\n<span class=\"wpcf7-form-control-wrap\" data-name=\"your-message\"><textarea cols=\"40\" rows=\"10\" class=\"wpcf7-form-control wpcf7-textarea\" aria-invalid=\"false\" name=\"your-message\"><\/textarea><\/span> <\/label>\n<\/p>\n<p><input class=\"wpcf7-form-control wpcf7-submit has-spinner\" type=\"submit\" value=\"Envoyer\" \/>\n<\/p><div class=\"wpcf7-response-output\" aria-hidden=\"true\"><\/div>\n<\/form>\n<\/div>\n<\/div><\/div><\/div><\/div><\/div><div class=\"vc_col-sm-2 wpb_column vc_column_container\"><div class=\"vc_column-inner\"><div class=\"wpb_wrapper\"><\/div><\/div><\/div><\/div><\/div><\/section><section class=\"l-section wpb_row height_medium\"><div class=\"l-section-h i-cf\"><div class=\"g-cols vc_row via_flex valign_top type_default stacking_default\"><div class=\"vc_col-sm-4 wpb_column vc_column_container\"><div class=\"vc_column-inner\"><div class=\"wpb_wrapper\"><div class=\"wpb_text_column\"><div class=\"wpb_wrapper\"><h2>O\u00f9 nous trouver :<\/h2>\n<p><strong>Laboratoire de la soci\u00e9t\u00e9 JBACH GmbH<\/strong><\/p>\n<p>Alte Ziegelei<br \/>\n96110 Sche\u00dflitz<br \/>\nAllemagne<br \/>\nPhone: +49 9542 8026<br \/>\nFax: +49 9542 8029<br \/>\nEmail: <a href=\"mailto:kontakt@ibach.eu\">kontakt(at)ibach.eu<\/a><\/p>\n<p>En venant de la A70, prendre la St2190 en direction de Sche\u00dflitz. Traverser le lieu en direction de Bamberg et prendre la seconde sortie au carrefour pr\u00e8s de la sortie du lieu, et tourner \u00e0 gauche apr\u00e8s 400 m sur la St2210 en direction de K\u00f6ttensdorf. L\u2019ancienne briqueterie se trouve \u00e0 env. 200 m sur la gauche.<\/p>\n<\/div><\/div><\/div><\/div><\/div><div class=\"vc_col-sm-8 wpb_column vc_column_container\"><div class=\"vc_column-inner us_custom_2c2fc982\"><div class=\"wpb_wrapper\"><div class=\"w-map provider_google\" id=\"us_map_1\"><div class=\"w-map-inner\"><div class=\"w-map-json\" onclick='return {&quot;address&quot;:&quot;49.964157, 11.021349&quot;,&quot;disableDragging&quot;:0,&quot;disableZoom&quot;:0,&quot;hideControls&quot;:0,&quot;zoom&quot;:14,&quot;markers&quot;:[{&quot;address&quot;:&quot;49.964157, 11.021349&quot;,&quot;html&quot;:&quot;OxFA GmbH&lt;br&gt;\\nAlte Ziegelei&lt;br&gt;\\n96110 Sche\\u00dflitz&lt;br&gt;\\nDeutschland - Germany&lt;br&gt;\\n(bitte Anfahrtsbeschreibung beachten)&quot;,&quot;infowindow&quot;:&quot;1&quot;}],&quot;maptype&quot;:&quot;ROADMAP&quot;}'><\/div><\/div><\/div><\/div><\/div><\/div><\/div><\/div><\/section>\n","protected":false},"excerpt":{"rendered":"[rev_slider_vc alias=\"kontakt-fr\"]Si vous \u00eates int\u00e9ress\u00e9 par nos services et technologies, n\u2019h\u00e9sitez pas \u00e0 nous contacter! Votre nom Votre adresse e-mail Objet Votre message (facultatif) O\u00f9 nous trouver : Laboratoire de la soci\u00e9t\u00e9 JBACH GmbH Alte Ziegelei 96110 Sche\u00dflitz Allemagne Phone: +49 9542 8026 Fax: +49 9542 8029 Email: kontakt(at)ibach.eu En venant de la A70, prendre...","protected":false},"author":2,"featured_media":0,"parent":0,"menu_order":0,"comment_status":"closed","ping_status":"closed","template":"","meta":[],"_links":{"self":[{"href":"https:\/\/www.steinkonservierung.com\/fr\/wp-json\/wp\/v2\/pages\/954"}],"collection":[{"href":"https:\/\/www.steinkonservierung.com\/fr\/wp-json\/wp\/v2\/pages"}],"about":[{"href":"https:\/\/www.steinkonservierung.com\/fr\/wp-json\/wp\/v2\/types\/page"}],"author":[{"embeddable":true,"href":"https:\/\/www.steinkonservierung.com\/fr\/wp-json\/wp\/v2\/users\/2"}],"replies":[{"embeddable":true,"href":"https:\/\/www.steinkonservierung.com\/fr\/wp-json\/wp\/v2\/comments?post=954"}],"version-history":[{"count":4,"href":"https:\/\/www.steinkonservierung.com\/fr\/wp-json\/wp\/v2\/pages\/954\/revisions"}],"predecessor-version":[{"id":958,"href":"https:\/\/www.steinkonservierung.com\/fr\/wp-json\/wp\/v2\/pages\/954\/revisions\/958"}],"wp:attachment":[{"href":"https:\/\/www.steinkonservierung.com\/fr\/wp-json\/wp\/v2\/media?parent=954"}],"curies":[{"name":"wp","href":"https:\/\/api.w.org\/{rel}","templated":true}]}}