{"id":940,"date":"2021-01-05T10:11:17","date_gmt":"2021-01-05T09:11:17","guid":{"rendered":"https:\/\/www.steinkonservierung.com\/leistungen\/"},"modified":"2022-01-12T19:34:24","modified_gmt":"2022-01-12T18:34:24","slug":"leistungen","status":"publish","type":"page","link":"https:\/\/www.steinkonservierung.com\/fr\/leistungen\/","title":{"rendered":"Leistungen"},"content":{"rendered":"<section class=\"l-section wpb_row height_auto width_full\"><div class=\"l-section-h i-cf\"><div class=\"g-cols vc_row via_flex valign_top type_default stacking_default\"><div class=\"vc_col-sm-12 wpb_column vc_column_container\"><div class=\"vc_column-inner\"><div class=\"wpb_wrapper\">[rev_slider_vc alias=\u00a0\u00bbleistungen_fr\u00a0\u00bb]<div class=\"w-separator size_medium\"><\/div><\/div><\/div><\/div><\/div><\/div><\/section><section class=\"l-section wpb_row us_custom_f0ef12be height_auto\"><div class=\"l-section-h i-cf\"><div class=\"g-cols vc_row via_flex valign_top type_default stacking_default\"><div class=\"vc_col-sm-12 wpb_column vc_column_container\"><div class=\"vc_column-inner\"><div class=\"wpb_wrapper\"><div class=\"wpb_text_column\"><div class=\"wpb_wrapper\"><p>Plus de 22\u00a0000 objets individuels ont \u00e9t\u00e9 conserv\u00e9s par nos soins au cours des 45 derni\u00e8res ann\u00e9es gr\u00e2ce au proc\u00e9d\u00e9 brevet\u00e9 d\u2019impr\u00e9gnation totale. Notre exp\u00e9rience de longue date et les nombreux avantages du proc\u00e9d\u00e9 AVT ainsi que la satisfaction de nos clients parlent d\u2019eux-m\u00eames. Quelques exemples de b\u00e2timents connus en Allemagne et en Europe se trouvent dans la cat\u00e9gorie\u00a0<a href=\"https:\/\/www.steinkonservierung.com\/referenzen\/\">R\u00e9f\u00e9rences<\/a>.<\/p>\n<\/div><\/div><\/div><\/div><\/div><\/div><\/div><\/section><section class=\"l-section wpb_row us_custom_f0ef12be height_auto\"><div class=\"l-section-h i-cf\"><div class=\"g-cols vc_row via_flex valign_top type_default stacking_default\"><div class=\"vc_col-sm-12 wpb_column vc_column_container\"><div class=\"vc_column-inner\"><div class=\"wpb_wrapper\"><div class=\"w-separator size_small with_line width_default thick_1 style_solid color_border align_center with_text with_content\"><div class=\"w-separator-h\"><h2 class=\"w-separator-text\"><span>PRESTATIONS<\/span><\/h2><\/div><\/div><div class=\"g-cols wpb_row via_flex valign_top type_default stacking_default\"><div class=\"vc_col-sm-3 wpb_column vc_column_container\"><div class=\"vc_column-inner\"><div class=\"wpb_wrapper\"><\/div><\/div><\/div><div class=\"vc_col-sm-6 wpb_column vc_column_container\"><div class=\"vc_column-inner\"><div class=\"wpb_wrapper\"><div class=\"wpb_text_column\"><div class=\"wpb_wrapper\"><p>Les <strong>prestations<\/strong> de la soci\u00e9t\u00e9 JBACH GmbH sont les suivantes\u00a0:<\/p>\n<ul>\n<li>Conservation de la pierre naturelle comme le marbre par le proc\u00e9d\u00e9 AVT<\/li>\n<li>Conservation de sculptures et d\u2019objets d\u2019ouvrage endommag\u00e9s par le feu<\/li>\n<li>Recherches pour la conservation de types de pierre ou mat\u00e9riaux poreux inconnus<\/li>\n<li>Conseil et intervention concernant la conservation dans l\u2019entretien des monuments<\/li>\n<li>Conservation et modification de bois et de mat\u00e9riaux d\u00e9riv\u00e9s du bois ainsi que de biomasses poreuses<\/li>\n<li>Mise \u00e0 disposition d\u2019agents d\u2019extinction \u00e0 l\u2019\u00e9chelle d\u2019\u00e9chantillons<\/li>\n<li>Concession de licence de proc\u00e9d\u00e9s pour la production de bois anti-feu B1<\/li>\n<li>Am\u00e9lioration de la protection contre le feu sp\u00e9cialement pour des feuilles de placage (am\u00e9nagement int\u00e9rieur, construction l\u00e9g\u00e8re en bois, bateaux)<\/li>\n<\/ul>\n<\/div><\/div><\/div><\/div><\/div><div class=\"vc_col-sm-3 wpb_column vc_column_container\"><div class=\"vc_column-inner\"><div class=\"wpb_wrapper\"><\/div><\/div><\/div><\/div><\/div><\/div><\/div><\/div><\/div><\/section><section class=\"l-section wpb_row height_medium\" id=\"avtverfahren\"><div class=\"l-section-h i-cf\"><div class=\"g-cols vc_row via_flex valign_top type_default stacking_default\"><div class=\"vc_col-sm-12 wpb_column vc_column_container\"><div class=\"vc_column-inner\"><div class=\"wpb_wrapper\"><div class=\"w-separator us_custom_9080c2e6 size_small with_line width_default thick_1 style_solid color_border align_center with_text with_content\"><div class=\"w-separator-h\"><h6 class=\"w-separator-text\"><span>Description du d\u00e9roulement du proc\u00e9d\u00e9 de la conservation de pierre<\/span><\/h6><\/div><\/div><div class=\"g-cols wpb_row via_flex valign_top type_default stacking_default\"><div class=\"vc_col-sm-12 wpb_column vc_column_container\"><div class=\"vc_column-inner\"><div class=\"wpb_wrapper\"><div class=\"wpb_text_column\"><div class=\"wpb_wrapper\"><p>Les pierres naturelles sont enti\u00e8rement prot\u00e9g\u00e9es de l\u2019alt\u00e9ration et de la d\u00e9stabilisation gr\u00e2ce au proc\u00e9d\u00e9 AVT de JBACH. La pierre est enti\u00e8rement satur\u00e9e dans le proc\u00e9d\u00e9 et un monom\u00e8re durci dans son r\u00e9seau poreux. Une adh\u00e9rence optimale \u00e0 la paroi poreuse est permise par l\u2019expertise de la soci\u00e9t\u00e9 JBACH GmbH pour les types de pierre les plus divers jusque dans leur c\u0153ur, ce qui permet une conservation enti\u00e8rement homog\u00e8ne sans formations de tensions. Les inconv\u00e9nients d\u2019autres proc\u00e9d\u00e9s de conservation, tels qu\u2019ils apparaissent lors d\u2019imperm\u00e9abilisations ou d\u2019enduits superficiels, peuvent \u00eatre exclus \u00e0 l\u2019aide du proc\u00e9d\u00e9 AVT. Un dommage typique de ces proc\u00e9d\u00e9s, \u00e0 savoir l\u2019\u00e9caillage, peut \u00eatre exclu avec le proc\u00e9d\u00e9 JBACH. Il s\u2019agit notamment d\u2019une raison importante pour laquelle des clients, comme par exemple, la Fondation des Ch\u00e2teaux et Jardins Prussiens de Berlin-Brandebourg, ont recours depuis des d\u00e9cennies aux services de la soci\u00e9t\u00e9 JBACH GmbH pour la pr\u00e9servation durable de sculptures en marbre.<\/p>\n<\/div><\/div><div class=\"w-separator size_small\"><\/div><\/div><\/div><\/div><\/div><div class=\"g-cols wpb_row via_flex valign_top type_default stacking_default\"><div class=\"vc_col-sm-12 wpb_column vc_column_container\"><div class=\"vc_column-inner\"><div class=\"wpb_wrapper\">[rev_slider_vc alias=\u00a0\u00bbverfahensbeschr_fr\u00a0\u00bb]<\/div><\/div><\/div><\/div><div class=\"g-cols wpb_row via_flex valign_top type_default stacking_default\"><div class=\"vc_col-sm-12 wpb_column vc_column_container\"><div class=\"vc_column-inner\"><div class=\"wpb_wrapper\"><div class=\"w-separator size_small with_line width_default thick_1 style_solid color_border align_center with_text with_content\"><div class=\"w-separator-h\"><h6 class=\"w-separator-text\"><span>Laboratoire<\/span><\/h6><\/div><\/div><div class=\"wpb_text_column\"><div class=\"wpb_wrapper\"><p>La soci\u00e9t\u00e9 JBACH GmbH a la possibilit\u00e9 dans ses salles de laboratoire d\u2019examiner des types de pierre avant et apr\u00e8s la conservation en ce qui concerne les propri\u00e9t\u00e9s mat\u00e9rielles.<\/p>\n<p>De vastes exp\u00e9riences et des valeurs caract\u00e9ristiques d\u00e9taill\u00e9es sont disponibles pour la gestion quotidienne de nombreux pierres naturelles. Il peut toutefois \u00eatre n\u00e9cessaire de d\u00e9terminer des valeurs caract\u00e9ristiques sp\u00e9cifiques avant l\u2019acceptation d\u2019une commande ou apr\u00e8s l\u2019ach\u00e8vement de la mesure de conservation, par exemple, pour\u00a0:<\/p>\n<ul>\n<li>de nouveaux types de pierre<\/li>\n<li>des types de pierre avec des propri\u00e9t\u00e9s variables en raison de leur provenance (oolithes, couches min\u00e9rales argileuses continues, distribution de diam\u00e8tres poreux)<\/li>\n<li>des objets fortement d\u00e9grad\u00e9s en raison de la charge combustible, de pr\u00e9traitements inconnus, de la charge en sel (\u00e9cailles, sels de cuivre)<\/li>\n<li>des aspects scientifiques<\/li>\n<\/ul>\n<p>JBACH peut directement r\u00e9aliser des enregistrements en microscopie optique, mesures par ultrasons sur de petits \u00e9chantillons, perm\u00e9abilit\u00e9s et la dilatation thermique. Un recours \u00e0 la microscopie \u00e9lectronique \u00e0 balayage, la microscopie en couche mince, des expertises sur des questions concernant les pierres et min\u00e9raux, entre autres, peut en outre avoir lieu en option par le biais de partenaires externes.<\/p>\n<p>La qualit\u00e9 de la solution d\u2019impr\u00e9gnation monom\u00e8re est par ailleurs surveill\u00e9e en continu au moyen de RMN 1H, 13C ainsi que de la mesure de densit\u00e9 et viscosit\u00e9.<\/p>\n<\/div><\/div><\/div><\/div><\/div><\/div><\/div><\/div><\/div><\/div><\/div><\/section><div class=\"vc_col-sm-12 wpb_column vc_column_container\"><div class=\"vc_column-inner\"><div class=\"wpb_wrapper\"><\/div><\/div><\/div><section class=\"l-section wpb_row us_custom_e395814f height_medium\"><div class=\"l-section-h i-cf\"><div class=\"g-cols vc_row via_flex valign_top type_default stacking_default\"><div class=\"vc_col-sm-12 wpb_column vc_column_container\"><div class=\"vc_column-inner\"><div class=\"wpb_wrapper\"><div class=\"g-cols wpb_row via_flex valign_top type_default stacking_default\"><div class=\"vc_col-sm-12 wpb_column vc_column_container\"><div class=\"vc_column-inner\"><div class=\"wpb_wrapper\"><div class=\"w-separator size_small with_line width_default thick_1 style_solid color_border align_center with_text with_content\"><div class=\"w-separator-h\"><h6 class=\"w-separator-text\"><span>Informations suppl\u00e9mentaires<\/span><\/h6><\/div><\/div><\/div><\/div><\/div><\/div><div class=\"g-cols wpb_row via_flex valign_top type_default stacking_default\"><div class=\"vc_col-sm-6 wpb_column vc_column_container\"><div class=\"vc_column-inner\"><div class=\"wpb_wrapper\"><div class=\"wpb_text_column\"><div class=\"wpb_wrapper\"><p>Vous trouverez dans les t\u00e9l\u00e9chargements ci-dessous des informations irrempla\u00e7ables pour restaurateurs en vue de la pr\u00e9paration de la mesure de conservation enti\u00e8re\u00a0:<\/p>\n<ul>\n<li>Mesures d\u2019accompagnement<\/li>\n<\/ul>\n<p>Le formulaire suivant est \u00e0 remplir soigneusement avant l\u2019acceptation des objets\u00a0:<\/p>\n<ul>\n<li>Formulaire de livraison<\/li>\n<li>Mat\u00e9riaux apr\u00e8s impr\u00e9gnation AVT<\/li>\n<\/ul>\n<\/div><\/div><\/div><\/div><\/div><div class=\"vc_col-sm-6 wpb_column vc_column_container\"><div class=\"vc_column-inner\"><div class=\"wpb_wrapper\"><div class=\"w-image align_none\"><a title=\"Vorbereitende Ma\u00dfnahmen\" target=\"_blank\" rel=\"nofollow\" href=\"https:\/\/www.steinkonservierung.com\/wp-content\/uploads\/Fl.-Massnahmen-Nr.-6c.pdf\" aria-label=\"Lien\" class=\"w-image-h\"><img width=\"64\" height=\"64\" src=\"https:\/\/www.steinkonservierung.com\/wp-content\/uploads\/pdf-icon-symbol-5-64x64.png\" class=\"attachment-us_64_64 size-us_64_64\" alt=\"\" decoding=\"async\" loading=\"lazy\" srcset=\"https:\/\/www.steinkonservierung.com\/wp-content\/uploads\/pdf-icon-symbol-5-64x64.png 64w, https:\/\/www.steinkonservierung.com\/wp-content\/uploads\/pdf-icon-symbol-5-300x300.png 300w, https:\/\/www.steinkonservierung.com\/wp-content\/uploads\/pdf-icon-symbol-5.png 1024w, https:\/\/www.steinkonservierung.com\/wp-content\/uploads\/pdf-icon-symbol-5-150x150.png 150w, https:\/\/www.steinkonservierung.com\/wp-content\/uploads\/pdf-icon-symbol-5-400x400.png 400w\" sizes=\"(max-width: 64px) 100vw, 64px\" \/><\/a><\/div><div class=\"wpb_text_column\"><div class=\"wpb_wrapper\"><p>T\u00e9l\u00e9charger le PDF (Mesures d\u2019accompagnement)<\/p>\n<\/div><\/div><div class=\"w-separator size_small\"><\/div><div class=\"w-image align_none\"><a title=\"Vorbereitende Ma\u00dfnahmen\" target=\"_blank\" rel=\"nofollow\" href=\"https:\/\/www.steinkonservierung.com\/wp-content\/uploads\/Anlieferungsformblatt-der-b-j-vom-04-03-2020.pdf\" aria-label=\"Lien\" class=\"w-image-h\"><img width=\"64\" height=\"64\" src=\"https:\/\/www.steinkonservierung.com\/wp-content\/uploads\/pdf-icon-symbol-5-64x64.png\" class=\"attachment-us_64_64 size-us_64_64\" alt=\"\" decoding=\"async\" loading=\"lazy\" srcset=\"https:\/\/www.steinkonservierung.com\/wp-content\/uploads\/pdf-icon-symbol-5-64x64.png 64w, https:\/\/www.steinkonservierung.com\/wp-content\/uploads\/pdf-icon-symbol-5-300x300.png 300w, https:\/\/www.steinkonservierung.com\/wp-content\/uploads\/pdf-icon-symbol-5.png 1024w, https:\/\/www.steinkonservierung.com\/wp-content\/uploads\/pdf-icon-symbol-5-150x150.png 150w, https:\/\/www.steinkonservierung.com\/wp-content\/uploads\/pdf-icon-symbol-5-400x400.png 400w\" sizes=\"(max-width: 64px) 100vw, 64px\" \/><\/a><\/div><div class=\"wpb_text_column\"><div class=\"wpb_wrapper\"><p>T\u00e9l\u00e9charger le PDF (Formulaire de livraison)<\/p>\n<\/div><\/div><\/div><\/div><\/div><\/div><div class=\"g-cols wpb_row via_flex valign_top type_default stacking_default\"><div class=\"vc_col-sm-6 wpb_column vc_column_container\"><div class=\"vc_column-inner\"><div class=\"wpb_wrapper\"><\/div><\/div><\/div><div class=\"vc_col-sm-6 wpb_column vc_column_container\"><div class=\"vc_column-inner\"><div class=\"wpb_wrapper\"><\/div><\/div><\/div><\/div><\/div><\/div><\/div><\/div><\/div><\/section>\n","protected":false},"excerpt":{"rendered":"[rev_slider_vc alias=\"leistungen_fr\"]Plus de 22\u00a0000 objets individuels ont \u00e9t\u00e9 conserv\u00e9s par nos soins au cours des 45 derni\u00e8res ann\u00e9es gr\u00e2ce au proc\u00e9d\u00e9 brevet\u00e9 d\u2019impr\u00e9gnation totale. Notre exp\u00e9rience de longue date et les nombreux avantages du proc\u00e9d\u00e9 AVT ainsi que la satisfaction de nos clients parlent d\u2019eux-m\u00eames. Quelques exemples de b\u00e2timents connus en Allemagne et en Europe...","protected":false},"author":2,"featured_media":0,"parent":0,"menu_order":0,"comment_status":"closed","ping_status":"closed","template":"","meta":[],"_links":{"self":[{"href":"https:\/\/www.steinkonservierung.com\/fr\/wp-json\/wp\/v2\/pages\/940"}],"collection":[{"href":"https:\/\/www.steinkonservierung.com\/fr\/wp-json\/wp\/v2\/pages"}],"about":[{"href":"https:\/\/www.steinkonservierung.com\/fr\/wp-json\/wp\/v2\/types\/page"}],"author":[{"embeddable":true,"href":"https:\/\/www.steinkonservierung.com\/fr\/wp-json\/wp\/v2\/users\/2"}],"replies":[{"embeddable":true,"href":"https:\/\/www.steinkonservierung.com\/fr\/wp-json\/wp\/v2\/comments?post=940"}],"version-history":[{"count":5,"href":"https:\/\/www.steinkonservierung.com\/fr\/wp-json\/wp\/v2\/pages\/940\/revisions"}],"predecessor-version":[{"id":945,"href":"https:\/\/www.steinkonservierung.com\/fr\/wp-json\/wp\/v2\/pages\/940\/revisions\/945"}],"wp:attachment":[{"href":"https:\/\/www.steinkonservierung.com\/fr\/wp-json\/wp\/v2\/media?parent=940"}],"curies":[{"name":"wp","href":"https:\/\/api.w.org\/{rel}","templated":true}]}}