{"id":933,"date":"2021-01-05T14:06:27","date_gmt":"2021-01-05T13:06:27","guid":{"rendered":"https:\/\/www.steinkonservierung.com\/historie\/"},"modified":"2022-01-12T13:21:40","modified_gmt":"2022-01-12T12:21:40","slug":"historie","status":"publish","type":"page","link":"https:\/\/www.steinkonservierung.com\/fr\/historie\/","title":{"rendered":"Historie"},"content":{"rendered":"<section class=\"l-section wpb_row height_auto width_full\"><div class=\"l-section-h i-cf\"><div class=\"g-cols vc_row via_flex valign_top type_default stacking_default\"><div class=\"vc_col-sm-12 wpb_column vc_column_container\"><div class=\"vc_column-inner\"><div class=\"wpb_wrapper\">[rev_slider_vc alias=\u00a0\u00bbhistorie-1&Prime;]<\/div><\/div><\/div><\/div><\/div><\/section><section class=\"l-section wpb_row us_custom_f0ef12be height_medium\"><div class=\"l-section-h i-cf\"><div class=\"g-cols vc_row via_flex valign_top type_default stacking_default\"><div class=\"vc_col-sm-12 wpb_column vc_column_container\"><div class=\"vc_column-inner\"><div class=\"wpb_wrapper\"><div class=\"w-separator size_small with_line width_default thick_1 style_solid color_border align_center with_text with_content\"><div class=\"w-separator-h\"><h2 class=\"w-separator-text\"><span>Histoire<\/span><\/h2><\/div><\/div><\/div><\/div><\/div><\/div><\/div><\/section><section class=\"l-section wpb_row height_auto\"><div class=\"l-section-h i-cf\"><div class=\"g-cols vc_row via_flex valign_top type_default stacking_default\"><div class=\"vc_col-sm-3 wpb_column vc_column_container\"><div class=\"vc_column-inner\"><div class=\"wpb_wrapper\"><div class=\"w-slider style_none fit_scaledown\"><div class=\"w-slider-h\"><div class=\"royalSlider\"><div class=\"rsContent\"><a class=\"rsImg\" data-rsw=\"165\" data-rsh=\"160\" data-rsBigImg=\"https:\/\/www.steinkonservierung.com\/wp-content\/uploads\/Ibach-Hammer.jpg\" href=\"https:\/\/www.steinkonservierung.com\/wp-content\/uploads\/Ibach-Hammer.jpg\"><span data-alt=\"\"><\/span><\/a><div class=\"rsABlock\" data-fadeEffect=\"false\" data-moveEffect=\"none\"><div class=\"w-slider-item-title\">Jbach Hammer 17. Jhd.<\/div><\/div><\/div><div class=\"rsContent\"><a class=\"rsImg\" data-rsw=\"127\" data-rsh=\"113\" data-rsBigImg=\"https:\/\/www.steinkonservierung.com\/wp-content\/uploads\/Eisenlager-1910.jpg\" href=\"https:\/\/www.steinkonservierung.com\/wp-content\/uploads\/Eisenlager-1910.jpg\"><span data-alt=\"\"><\/span><\/a><div class=\"rsABlock\" data-fadeEffect=\"false\" data-moveEffect=\"none\"><div class=\"w-slider-item-title\">JBACH Eisenlager 1910<\/div><\/div><\/div><div class=\"rsContent\"><a class=\"rsImg\" data-rsw=\"120\" data-rsh=\"124\" data-rsBigImg=\"https:\/\/www.steinkonservierung.com\/wp-content\/uploads\/ZiegeleiHof.jpg\" href=\"https:\/\/www.steinkonservierung.com\/wp-content\/uploads\/ZiegeleiHof.jpg\"><span data-alt=\"\"><\/span><\/a><div class=\"rsABlock\" data-fadeEffect=\"false\" data-moveEffect=\"none\"><div class=\"w-slider-item-title\">Ziegelei Hof 1970<\/div><\/div><\/div><\/div><img src=\"https:\/\/www.steinkonservierung.com\/wp-content\/uploads\/Ibach-Hammer.jpg\" width=\"165\" height=\"160\" alt loading=\"lazy\"><\/div><div class=\"w-slider-json\" onclick='return {&quot;autoScaleSlider&quot;:true,&quot;loop&quot;:true,&quot;fadeInLoadedSlide&quot;:false,&quot;slidesSpacing&quot;:0,&quot;imageScalePadding&quot;:0,&quot;numImagesToPreload&quot;:2,&quot;arrowsNav&quot;:true,&quot;arrowsNavAutoHide&quot;:false,&quot;transitionType&quot;:&quot;move&quot;,&quot;transitionSpeed&quot;:250,&quot;block&quot;:{&quot;moveEffect&quot;:&quot;none&quot;,&quot;speed&quot;:300},&quot;thumbs&quot;:{&quot;fitInViewport&quot;:false},&quot;controlNavigation&quot;:&quot;none&quot;,&quot;fullscreen&quot;:{&quot;enabled&quot;:true},&quot;imageScaleMode&quot;:&quot;fit-if-smaller&quot;,&quot;autoScaleSliderWidth&quot;:165,&quot;autoScaleSliderHeight&quot;:160}'><\/div><\/div><\/div><\/div><\/div><div class=\"vc_col-sm-9 wpb_column vc_column_container\"><div class=\"vc_column-inner\"><div class=\"wpb_wrapper\"><div class=\"wpb_text_column\"><div class=\"wpb_wrapper\"><p>De 1664 \u00e0 1988, en partant des vall\u00e9es autour de Remscheid, la famille Jbach a fait preuve de son ing\u00e9nuit\u00e9 pour l\u2019action innovante sur plus de 300 ans. Le Grand Prince-\u00e9lecteur fit venir un anc\u00eatre \u00e0 sa cour pour le forgeage de l\u2019acier fin. Le laminage \u00e0 chaud de profil\u00e9s sp\u00e9ciaux \u00e9tait une sp\u00e9cialit\u00e9 dans le domaine technique\u00a0; de nouvelles techniques en mati\u00e8re d\u2019organisation de bureau, d\u00e9velopp\u00e9es dans l\u2019entreprise Jbach, peuvent en partie \u00eatre vues lors d\u2019une visite au Mus\u00e9e allemand de Munich.<\/p>\n<p>La d\u00e9cision de \u00ab\u00a0quitter le domaine de l\u2019acier\u00a0\u00bb et \u00ab\u00a0d\u2019int\u00e9grer de \u00ab\u00a0nouvelles technologies\u00a0\u00bb\u00a0\u00bb tomba en 1972\u00a0: une \u00e9tape courageuse\u00a0! La \u00ab\u00a0modification de substances poreuses\u00a0\u00bb dans de grandes installations sous vide-pression par l\u2019utilisation d\u2019un proc\u00e9d\u00e9 de polym\u00e9risation pour de la r\u00e9sine acrylique a \u00e9t\u00e9 d\u00e9velopp\u00e9e avec des partenaires externes. L\u2019impr\u00e9gnation totale dans de la r\u00e9sine acrylique (AVT) qui en est issue s\u2019impose malgr\u00e9 une r\u00e9sistance massive du c\u00f4t\u00e9 de nombreux historiens de l\u2019art et restaurateurs et a aujourd\u2019hui une position particuli\u00e8re pour la conservation de monuments en pierre naturelle fortement en p\u00e9ril et une position unique pour la conservation de sculptures en marbre. Cette technique d\u2019autoclave est la base du chiffre d\u2019affaires de la soci\u00e9t\u00e9 JBACH GmbH et, par exemple, la base de d\u00e9cisions concernant le sauvetage des sculptures en marbre en p\u00e9ril dans le parc de Sans-Souci.<\/p>\n<p>La soci\u00e9t\u00e9 b-j Entwicklungs- und Lizenz GmbH a \u00e9t\u00e9 fond\u00e9e en 2008. Le d\u00e9veloppement et la gestion des droits de propri\u00e9t\u00e9 industrielle et commerciale dans le domaine de la substance poreuse comme la pierre naturelle, le b\u00e9ton, la pierre artificielle ainsi que le bois et les mat\u00e9riaux d\u00e9riv\u00e9s du bois lui ont \u00e9t\u00e9 transf\u00e9r\u00e9s. L\u2019entreprise est encore active \u00e0 ce jour et ex\u00e9cute les commandes, notamment dans le cas de la conservation de pierre naturelle. La r\u00e9alisation pratique des commandes est confi\u00e9e \u00e0 la soci\u00e9t\u00e9 JBACH en raison de son expertise et de l\u2019ensemble des \u00e9quipements auxiliaires \u00e0 disposition.<\/p>\n<p>L\u2019\u00e9largissement du AVT \u00e0 la modification du bois conduit au d\u00e9veloppement de nouveaux milieux d\u2019impr\u00e9gnation. La \u00ab\u00a0d\u00e9composition\u00a0\u00bb du bois qui en r\u00e9sulte pour l\u2019exploitation des propri\u00e9t\u00e9s positives de la lignine conduit en 2011 \u00e0 l\u2019achat des droits allemands de propri\u00e9t\u00e9 industrielle et commerciale d\u2019une \u00ab\u00a0famille de catalyseurs\u00a0\u00bb pour la d\u00e9composition de biomasse (de d\u00e9chets) humide. La soci\u00e9t\u00e9\u00a0<a href=\"https:\/\/www.oxfa.eu\/\">OxFA GmbH<\/a>\u00a0fut ensuite cr\u00e9\u00e9e en 2015 en partant des d\u00e9veloppements prometteurs, avec pour mission la commercialisation du processus nomm\u00e9 OxFA originaire d\u2019Erlangen.<\/p>\n<\/div><\/div><div class=\"w-separator size_small\"><\/div><\/div><\/div><\/div><\/div><\/div><\/section><div class=\"vc_col-sm-3 wpb_column vc_column_container\"><div class=\"vc_column-inner\"><div class=\"wpb_wrapper\"><\/div><\/div><\/div><div class=\"vc_col-sm-9 wpb_column vc_column_container\"><div class=\"vc_column-inner\"><div class=\"wpb_wrapper\"><\/div><\/div><\/div>\n","protected":false},"excerpt":{"rendered":"[rev_slider_vc alias=\"historie-1\"]HistoireJbach Hammer 17. Jhd.JBACH Eisenlager 1910Ziegelei Hof 1970De 1664 \u00e0 1988, en partant des vall\u00e9es autour de Remscheid, la famille Jbach a fait preuve de son ing\u00e9nuit\u00e9 pour l\u2019action innovante sur plus de 300 ans. Le Grand Prince-\u00e9lecteur fit venir un anc\u00eatre \u00e0 sa cour pour le forgeage de l\u2019acier fin. Le laminage \u00e0...","protected":false},"author":2,"featured_media":0,"parent":0,"menu_order":0,"comment_status":"closed","ping_status":"closed","template":"","meta":[],"_links":{"self":[{"href":"https:\/\/www.steinkonservierung.com\/fr\/wp-json\/wp\/v2\/pages\/933"}],"collection":[{"href":"https:\/\/www.steinkonservierung.com\/fr\/wp-json\/wp\/v2\/pages"}],"about":[{"href":"https:\/\/www.steinkonservierung.com\/fr\/wp-json\/wp\/v2\/types\/page"}],"author":[{"embeddable":true,"href":"https:\/\/www.steinkonservierung.com\/fr\/wp-json\/wp\/v2\/users\/2"}],"replies":[{"embeddable":true,"href":"https:\/\/www.steinkonservierung.com\/fr\/wp-json\/wp\/v2\/comments?post=933"}],"version-history":[{"count":2,"href":"https:\/\/www.steinkonservierung.com\/fr\/wp-json\/wp\/v2\/pages\/933\/revisions"}],"predecessor-version":[{"id":935,"href":"https:\/\/www.steinkonservierung.com\/fr\/wp-json\/wp\/v2\/pages\/933\/revisions\/935"}],"wp:attachment":[{"href":"https:\/\/www.steinkonservierung.com\/fr\/wp-json\/wp\/v2\/media?parent=933"}],"curies":[{"name":"wp","href":"https:\/\/api.w.org\/{rel}","templated":true}]}}