{"id":929,"date":"2021-01-05T11:16:29","date_gmt":"2021-01-05T10:16:29","guid":{"rendered":"https:\/\/www.steinkonservierung.com\/unternehmen\/"},"modified":"2023-01-13T15:06:31","modified_gmt":"2023-01-13T14:06:31","slug":"unternehmen","status":"publish","type":"page","link":"https:\/\/www.steinkonservierung.com\/fr\/unternehmen\/","title":{"rendered":"Unternehmen"},"content":{"rendered":"<section class=\"l-section wpb_row height_auto width_full\"><div class=\"l-section-h i-cf\"><div class=\"g-cols vc_row via_flex valign_top type_default stacking_default\"><div class=\"vc_col-sm-12 wpb_column vc_column_container\"><div class=\"vc_column-inner\"><div class=\"wpb_wrapper\">[rev_slider_vc alias=\u00a0\u00bbUnternehmen_fr\u00a0\u00bb][\/rev_slider_vc]<\/div><\/div><\/div><\/div><\/div><\/section><section class=\"l-section wpb_row height_medium\"><div class=\"l-section-h i-cf\"><div class=\"g-cols vc_row via_flex valign_top type_default stacking_default\"><div class=\"vc_col-sm-12 wpb_column vc_column_container\"><div class=\"vc_column-inner\"><div class=\"wpb_wrapper\"><div class=\"w-separator size_small with_line width_default thick_1 style_solid color_border align_center with_text with_content\"><div class=\"w-separator-h\"><h2 class=\"w-separator-text\"><span>JBACH GmbH<\/span><\/h2><\/div><\/div><div class=\"g-cols wpb_row via_flex valign_top type_default stacking_default\"><div class=\"vc_col-sm-12 wpb_column vc_column_container\"><div class=\"vc_column-inner\"><div class=\"wpb_wrapper\"><div class=\"wpb_text_column\"><div class=\"wpb_wrapper\"><p>L\u2019entreprise familiale JBACH GmbH poss\u00e8de depuis 50 ans une expertise en mati\u00e8re de modification de substances poreuses. Gr\u00e2ce au proc\u00e9d\u00e9 AVT (\u00ab Acrylharzvolltr\u00e4nkungs \u00bb, impr\u00e9gnation totale dans de la r\u00e9sine acrylique), JBACH dispose d\u2019une r\u00e9solution de probl\u00e8me unique pour la conservation de substances poreuses. JBACH a notamment su acqu\u00e9rir une excellente r\u00e9putation au cours des derni\u00e8res d\u00e9cennies dans le domaine de la pr\u00e9servation durable de monuments en pierre naturelle. Ce sont plus de 22 000 objets individuels qui ont pu \u00eatre conserv\u00e9s par JBACH depuis l\u2019introduction de cette technologie, et ce durablement pour la post\u00e9rit\u00e9.<\/p>\n<p>En tant que sp\u00e9cialiste de la modification de substances poreuses, JBACH se consacre \u00e0 d\u2019autres\u00a0 <a href=\"http:\/\/wp.steinkonservierung.com\/fr\/technologien\">technologies<\/a>, allant de la production de bois anti-feu B1, d\u2019ignifuges jusqu\u2019\u00e0 des proc\u00e9d\u00e9s catalytiques pour la production de substances biog\u00e8nes.<\/p>\n<\/div><\/div><\/div><\/div><\/div><\/div><\/div><\/div><\/div><\/div><\/div><\/section><div class=\"vc_col-sm-12 wpb_column vc_column_container\"><div class=\"vc_column-inner\"><div class=\"wpb_wrapper\"><\/div><\/div><\/div><section class=\"l-section wpb_row height_medium\"><div class=\"l-section-h i-cf\"><div class=\"g-cols vc_row via_flex valign_top type_default stacking_default\"><div class=\"vc_col-sm-12 wpb_column vc_column_container\"><div class=\"vc_column-inner\"><div class=\"wpb_wrapper\"><div class=\"g-cols wpb_row via_flex valign_top type_default stacking_default\"><div class=\"vc_col-sm-3 wpb_column vc_column_container\"><div class=\"vc_column-inner\"><div class=\"wpb_wrapper\"><div class=\"w-image us_custom_7f3d6241 align_none\"><a title=\"Leistungen\" href=\"https:\/\/www.steinkonservierung.com\/leistungen\/\" aria-label=\"Lien\" class=\"w-image-h\"><img width=\"150\" height=\"150\" src=\"https:\/\/www.steinkonservierung.com\/wp-content\/uploads\/Koelner_Dom_Westportal_links_-_Dreikoenigenportal_linkes_Gewaende_1-150x150.jpg\" class=\"attachment-thumbnail size-thumbnail\" alt=\"\" decoding=\"async\" loading=\"lazy\" \/><\/a><\/div><\/div><\/div><\/div><div class=\"vc_col-sm-9 wpb_column vc_column_container\"><div class=\"vc_column-inner\"><div class=\"wpb_wrapper\"><div class=\"wpb_text_column\"><div class=\"wpb_wrapper\"><p><a href=\"https:\/\/www.steinkonservierung.com\/leistungen\/#avtverfahren\"><strong>Proc\u00e9d\u00e9 AVT<\/strong><\/a><\/p>\n<p>L\u2019impr\u00e9gnation totale dans de la r\u00e9sine acrylique (AVT) est un proc\u00e9d\u00e9 \u00e9prouv\u00e9 pour la pr\u00e9servation de l\u2019\u00e9tat r\u00e9el de monuments en pierre naturelle de sorte que le site d\u2019origine peut \u00e9galement \u00eatre conserv\u00e9 \u00e0 long terme. Du m\u00e9thacrylate de m\u00e9thyle (MMA) monom\u00e8re est introduit dans le syst\u00e8me poreux enti\u00e8rement ass\u00e9ch\u00e9 au pr\u00e9alable d\u2019objets d\u00e9gradables \u00e0 l\u2019aide de vide et de pression dans des autoclaves allant jusqu\u2019\u00e0 65 m\u00b3. Apr\u00e8s p\u00e9n\u00e9tration compl\u00e8te, le MMA est polym\u00e9ris\u00e9 par apport thermique de sorte que du PMMA (verre acrylique, plexiglas) appara\u00eet dans le syst\u00e8me poreux. Une bonne adh\u00e9sion \u00e0 la paroi poreuse est atteinte gr\u00e2ce \u00e0 des promoteurs d\u2019adh\u00e9sion de sorte qu\u2019une r\u00e9sistance uniforme \u00e9lev\u00e9e sur la section transversale enti\u00e8re de la pierre est obtenue et l\u2019absorption d\u2019eau est compl\u00e8tement supprim\u00e9e. La modification de la solution d\u2019impr\u00e9gnation a en outre permis de ne pas remplir enti\u00e8rement ni d\u2019obturer les pores de pierre, mais uniquement de les enrober d\u2019un mince film de PMMA. La dilatation thermique de la pierre renforc\u00e9e correspond largement \u00e0 celle de la pierre non renforc\u00e9e et l\u2019absorption d\u2019eau est r\u00e9duite en cons\u00e9quence.<\/p>\n<\/div><\/div><div class=\"w-separator size_small\"><\/div><\/div><\/div><\/div><\/div><div class=\"g-cols wpb_row via_flex valign_top type_default stacking_default\" id=\"brandschutz\"><div class=\"vc_col-sm-3 wpb_column vc_column_container\"><div class=\"vc_column-inner\"><div class=\"wpb_wrapper\"><div class=\"w-image us_custom_7f3d6241 align_none\"><a ref=\"magnificPopup\" href=\"https:\/\/www.steinkonservierung.com\/wp-content\/uploads\/P1040254-a-scaled.jpg\" aria-label=\"Lien\" class=\"w-image-h\"><img width=\"300\" height=\"225\" src=\"https:\/\/www.steinkonservierung.com\/wp-content\/uploads\/P1040254-a-300x225.jpg\" class=\"attachment-medium size-medium\" alt=\"\" decoding=\"async\" loading=\"lazy\" srcset=\"https:\/\/www.steinkonservierung.com\/wp-content\/uploads\/P1040254-a-300x225.jpg 300w, https:\/\/www.steinkonservierung.com\/wp-content\/uploads\/P1040254-a-1024x768.jpg 1024w, https:\/\/www.steinkonservierung.com\/wp-content\/uploads\/P1040254-a-64x48.jpg 64w, https:\/\/www.steinkonservierung.com\/wp-content\/uploads\/P1040254-a-533x400.jpg 533w\" sizes=\"(max-width: 300px) 100vw, 300px\" \/><\/a><\/div><\/div><\/div><\/div><div class=\"vc_col-sm-9 wpb_column vc_column_container\"><div class=\"vc_column-inner\"><div class=\"wpb_wrapper\"><div class=\"wpb_text_column\"><div class=\"wpb_wrapper\"><p><a href=\"https:\/\/www.steinkonservierung.com\/technologien\/#Brandschutz\"><strong>Bois anti-feu<\/strong><\/a><\/p>\n<p>JBACH a r\u00e9ussi gr\u00e2ce \u00e0 son expertise en mati\u00e8re de modification de substances poreuses \u00e0 produire par un proc\u00e9d\u00e9 particulier du bois anti-feu qui est enti\u00e8rement satur\u00e9 et garantit une protection contre le feu continue sans migration en retour de l\u2019ignifuge. Un usinage des bois anti-feu est \u00e9galement possible de ce fait sans compromettre la protection contre le feu. Le bois anti-feu de JBACH r\u00e9siste pendant 90 min \u00e0 1000\u00b0C dans le conteneur d\u2019incendie (voir photo) car le bois est encore intact sous la zone de combustion.<\/p>\n<\/div><\/div><\/div><\/div><\/div><\/div><\/div><\/div><\/div><\/div><\/div><\/section><section class=\"l-section wpb_row height_medium with_img\"><div class=\"l-section-img\" role=\"img\" data-img-width=\"2560\" data-img-height=\"1707\" style=\"background-image: url(https:\/\/www.steinkonservierung.com\/wp-content\/uploads\/IMG_7958-alte-ziegelei-herbst-5-scaled.jpg);background-repeat: no-repeat;\"><\/div><div class=\"l-section-h i-cf\"><div class=\"g-cols vc_row via_flex valign_top type_default stacking_default\"><div class=\"vc_col-sm-12 wpb_column vc_column_container\"><div class=\"vc_column-inner\"><div class=\"wpb_wrapper\"><div class=\"wpb_text_column us_custom_6df4bc3a has_text_color\"><div class=\"wpb_wrapper\"><p>Le si\u00e8ge social de JBACH se trouve \u00e0 Bischberg en Bavi\u00e8re, Allemagne. Les laboratoires et halls techniques se situent \u00e0 Sche\u00dflitz pr\u00e8s de Bamberg.<\/p>\n<\/div><\/div><\/div><\/div><\/div><\/div><\/div><\/section>\n","protected":false},"excerpt":{"rendered":"[rev_slider_vc alias=\"Unternehmen_fr\"][\/rev_slider_vc]JBACH GmbHL\u2019entreprise familiale JBACH GmbH poss\u00e8de depuis 50 ans une expertise en mati\u00e8re de modification de substances poreuses. Gr\u00e2ce au proc\u00e9d\u00e9 AVT (\u00ab Acrylharzvolltr\u00e4nkungs \u00bb, impr\u00e9gnation totale dans de la r\u00e9sine acrylique), JBACH dispose d\u2019une r\u00e9solution de probl\u00e8me unique pour la conservation de substances poreuses. JBACH a notamment su acqu\u00e9rir une excellente r\u00e9putation au...","protected":false},"author":2,"featured_media":0,"parent":0,"menu_order":0,"comment_status":"closed","ping_status":"closed","template":"","meta":[],"_links":{"self":[{"href":"https:\/\/www.steinkonservierung.com\/fr\/wp-json\/wp\/v2\/pages\/929"}],"collection":[{"href":"https:\/\/www.steinkonservierung.com\/fr\/wp-json\/wp\/v2\/pages"}],"about":[{"href":"https:\/\/www.steinkonservierung.com\/fr\/wp-json\/wp\/v2\/types\/page"}],"author":[{"embeddable":true,"href":"https:\/\/www.steinkonservierung.com\/fr\/wp-json\/wp\/v2\/users\/2"}],"replies":[{"embeddable":true,"href":"https:\/\/www.steinkonservierung.com\/fr\/wp-json\/wp\/v2\/comments?post=929"}],"version-history":[{"count":4,"href":"https:\/\/www.steinkonservierung.com\/fr\/wp-json\/wp\/v2\/pages\/929\/revisions"}],"predecessor-version":[{"id":1014,"href":"https:\/\/www.steinkonservierung.com\/fr\/wp-json\/wp\/v2\/pages\/929\/revisions\/1014"}],"wp:attachment":[{"href":"https:\/\/www.steinkonservierung.com\/fr\/wp-json\/wp\/v2\/media?parent=929"}],"curies":[{"name":"wp","href":"https:\/\/api.w.org\/{rel}","templated":true}]}}