{"id":923,"date":"2020-12-14T14:22:46","date_gmt":"2020-12-14T13:22:46","guid":{"rendered":"https:\/\/www.steinkonservierung.com\/startseite\/"},"modified":"2023-01-13T15:07:05","modified_gmt":"2023-01-13T14:07:05","slug":"startseite","status":"publish","type":"page","link":"https:\/\/www.steinkonservierung.com\/fr\/","title":{"rendered":"Startseite"},"content":{"rendered":"<section class=\"l-section wpb_row height_auto width_full\"><div class=\"l-section-h i-cf\"><div class=\"g-cols vc_row via_flex valign_top type_default stacking_default\"><div class=\"vc_col-sm-12 wpb_column vc_column_container\"><div class=\"vc_column-inner\"><div class=\"wpb_wrapper\">[rev_slider_vc alias=\u00a0\u00bbstart_fr\u00a0\u00bb][\/rev_slider_vc]<\/div><\/div><\/div><\/div><\/div><\/section><section class=\"l-section wpb_row us_custom_f0ef12be height_auto\"><div class=\"l-section-h i-cf\"><div class=\"g-cols vc_row via_flex valign_top type_default stacking_default\"><div class=\"vc_col-sm-12 wpb_column vc_column_container\"><div class=\"vc_column-inner\"><div class=\"wpb_wrapper\"><div class=\"w-separator size_large\"><\/div><div class=\"g-cols wpb_row us_custom_5efa228a has_text_color via_flex valign_top type_default stacking_default\"><div class=\"vc_col-sm-12 wpb_column vc_column_container\"><div class=\"vc_column-inner\"><div class=\"wpb_wrapper\"><div class=\"wpb_text_column us_custom_ccc56212 has_text_color\"><div class=\"wpb_wrapper\"><p style=\"text-align: center;\"><strong>Bienvenue chez la soci\u00e9t\u00e9 JBACH GmbH<\/strong><\/p>\n<\/div><\/div><div class=\"wpb_text_column\"><div class=\"wpb_wrapper\"><p>JBACH est votre sp\u00e9cialiste de la modification et conservation de substances poreuses avec une expertise unique dans le domaine de la pr\u00e9servation \u00e0 long terme de monuments en pierre naturelle. Les probl\u00e8mes statiques des monuments sont r\u00e9solus gr\u00e2ce au proc\u00e9d\u00e9 brevet\u00e9 AVT et le maintien d\u2019objets fortement en p\u00e9ril sur leurs sites d\u2019origine \u00e0 l\u2019air libre est ainsi permis. La conservation de pierre offre en outre une protection durablement pr\u00e9ventive de l\u2019alt\u00e9ration.<\/p>\n<\/div><\/div><\/div><\/div><\/div><\/div><\/div><\/div><\/div><\/div><\/div><\/section><section class=\"l-section wpb_row height_medium\"><div class=\"l-section-h i-cf\"><div class=\"g-cols vc_row via_flex valign_top type_default stacking_default\"><div class=\"vc_col-sm-12 wpb_column vc_column_container\"><div class=\"vc_column-inner\"><div class=\"wpb_wrapper\"><div class=\"g-cols wpb_row via_flex valign_top type_default stacking_default\"><div class=\"vc_col-sm-4 wpb_column vc_column_container\"><div class=\"vc_column-inner\"><div class=\"wpb_wrapper\"><div class=\"w-ibanner animation_phorcys ratio_1x1 easing_ease\"><div class=\"w-ibanner-h\"><div class=\"w-ibanner-image\" style=\"background-image: url(https:\/\/www.steinkonservierung.com\/wp-content\/uploads\/pexels-fauxels-3184418-1024x683.jpg)\"><\/div><div class=\"w-ibanner-content\"><div class=\"w-ibanner-content-h\"><h2 class=\"w-ibanner-title\">La soci\u00e9t\u00e9 JBACH GmbH<\/h2><div class=\"w-ibanner-desc\"><p>Entreprise familiale riche en traditions avec 50 ans d\u2019exp\u00e9rience dans le domaine de la conservation de pierre<\/p>\n<\/div><\/div><\/div><\/div><a title=\"Unternehmen\" href=\"https:\/\/steinkonservierung.com\/unternehmen\/\" aria-label=\"La soci\u00e9t\u00e9 JBACH GmbH\"><\/a><\/div><div class=\"w-separator size_small\"><\/div><div class=\"w-ibanner animation_phorcys ratio_1x1 easing_ease\"><div class=\"w-ibanner-h\"><div class=\"w-ibanner-image\" style=\"background-image: url(https:\/\/www.steinkonservierung.com\/wp-content\/uploads\/5881793837_02e60743d0_b.jpg)\"><\/div><div class=\"w-ibanner-content\"><div class=\"w-ibanner-content-h\"><h2 class=\"w-ibanner-title\">Exemples<\/h2><div class=\"w-ibanner-desc\"><p>Plus de 22 000 objets conserv\u00e9s au cours des 50 derni\u00e8res ann\u00e9es<\/p>\n<\/div><\/div><\/div><\/div><a title=\"Referenzen\" href=\"https:\/\/www.steinkonservierung.com\/referenzen\/\" aria-label=\"Exemples\"><\/a><\/div><\/div><\/div><\/div><div class=\"vc_col-sm-4 wpb_column vc_column_container\"><div class=\"vc_column-inner\"><div class=\"wpb_wrapper\"><div class=\"w-ibanner animation_phorcys ratio_1x1 easing_ease\"><div class=\"w-ibanner-h\"><div class=\"w-ibanner-image\" style=\"background-image: url(https:\/\/www.steinkonservierung.com\/wp-content\/uploads\/IMG_9078-1024x683.jpg)\"><\/div><div class=\"w-ibanner-content\"><div class=\"w-ibanner-content-h\"><h2 class=\"w-ibanner-title\">Proc\u00e9d\u00e9 AVT<\/h2><div class=\"w-ibanner-desc\"><p>Protection durable de l\u2019alt\u00e9ration et de la d\u00e9stabilisation<\/p>\n<\/div><\/div><\/div><\/div><a title=\"Leistungen\" href=\"https:\/\/steinkonservierung.com\/leistungen\/#avtverfahren\" aria-label=\"Proc\u00e9d\u00e9 AVT\"><\/a><\/div><div class=\"w-separator size_small\"><\/div><div class=\"w-ibanner animation_phorcys ratio_1x1 easing_ease\"><div class=\"w-ibanner-h\"><div class=\"w-ibanner-image\" style=\"background-image: url(https:\/\/www.steinkonservierung.com\/wp-content\/uploads\/Koelner_Dom_Suedportal_\u2013_Mitte_Passionsportal_rechtes_Gewaende_1-1024x768.jpg)\"><\/div><div class=\"w-ibanner-content\"><div class=\"w-ibanner-content-h\"><h2 class=\"w-ibanner-title\">Publications<\/h2><div class=\"w-ibanner-desc\"><p>Publications et annonces concernant le proc\u00e9d\u00e9 AVT<\/p>\n<\/div><\/div><\/div><\/div><a title=\"Aktuelles\" href=\"https:\/\/www.steinkonservierung.com\/referenzen\/#Publikationen\" aria-label=\"Publications\"><\/a><\/div><\/div><\/div><\/div><div class=\"vc_col-sm-4 wpb_column vc_column_container\"><div class=\"vc_column-inner\"><div class=\"wpb_wrapper\"><div class=\"w-ibanner animation_phorcys ratio_1x1 easing_ease\"><div class=\"w-ibanner-h\"><div class=\"w-ibanner-image\" style=\"background-image: url(https:\/\/www.steinkonservierung.com\/wp-content\/uploads\/labor-farbig-2-1024x646.png)\"><\/div><div class=\"w-ibanner-content\"><div class=\"w-ibanner-content-h\"><h2 class=\"w-ibanner-title\">Expertise<\/h2><div class=\"w-ibanner-desc\"><p>Expertise dans le domaine des mat\u00e9riaux poreux et de la technique d\u2019autoclave<\/p>\n<\/div><\/div><\/div><\/div><a title=\"Technologien\" href=\"https:\/\/steinkonservierung.com\/technologien\/\" aria-label=\"Expertise\"><\/a><\/div><div class=\"w-separator size_small\"><\/div><div class=\"w-ibanner animation_phorcys ratio_1x1 easing_ease\"><div class=\"w-ibanner-h\"><div class=\"w-ibanner-image\" style=\"background-image: url(https:\/\/www.steinkonservierung.com\/wp-content\/uploads\/pexels-sebastian-sorensen-750225-1024x576.jpg)\"><\/div><div class=\"w-ibanner-content\"><div class=\"w-ibanner-content-h\"><h2 class=\"w-ibanner-title\">Protection contre le feu<\/h2><div class=\"w-ibanner-desc\"><p>Bois anti-feu usinable et feuilles de placage gr\u00e2ce au proc\u00e9d\u00e9 brevet\u00e9 JBACH<\/p>\n<\/div><\/div><\/div><\/div><a title=\"Technologien\" href=\"https:\/\/steinkonservierung.com\/technologien\/#Brandschutz\" aria-label=\"Protection contre le feu\"><\/a><\/div><\/div><\/div><\/div><\/div><\/div><\/div><\/div><\/div><\/div><\/section><section class=\"l-section wpb_row height_auto\"><div class=\"l-section-h i-cf\"><div class=\"g-cols vc_row via_flex valign_top type_default stacking_default\"><div class=\"vc_col-sm-12 wpb_column vc_column_container\"><div class=\"vc_column-inner\"><div class=\"wpb_wrapper\">\n\t\t\t<!-- START start AZ_fr REVOLUTION SLIDER 6.7.20 --><p class=\"rs-p-wp-fix\"><\/p>\n\t\t\t<rs-module-wrap id=\"rev_slider_25_1_wrapper\" data-source=\"gallery\" style=\"visibility:hidden;background:transparent;padding:0;margin:0px auto;margin-top:0;margin-bottom:0;\">\n\t\t\t\t<rs-module id=\"rev_slider_25_1\" style=\"\" data-version=\"6.7.20\">\n\t\t\t\t\t<rs-slides style=\"overflow: hidden; position: absolute;\">\n\t\t\t\t\t\t<rs-slide style=\"position: absolute;\" data-key=\"rs-57\" data-title=\"Slide\" data-anim=\"adpr:false;\" data-in=\"o:0;\" data-out=\"a:false;\">\n\t\t\t\t\t\t\t<img src=\"\/\/www.steinkonservierung.com\/wp-content\/plugins\/revslider\/sr6\/assets\/assets\/dummy.png\" alt=\"\" title=\"IMG_7958 alte ziegelei herbst 5\" width=\"2560\" height=\"1707\" class=\"rev-slidebg tp-rs-img rs-lazyload\" data-lazyload=\"\/\/www.steinkonservierung.com\/wp-content\/uploads\/IMG_7958-alte-ziegelei-herbst-5-scaled.jpg\" data-panzoom=\"d:20000ms;ss:150%;se:100;os:0\/200px;\" data-no-retina>\n<!--\n\t\t\t\t\t\t\t--><rs-layer\n\t\t\t\t\t\t\t\tid=\"slider-25-slide-57-layer-0\" \n\t\t\t\t\t\t\t\tdata-type=\"text\"\n\t\t\t\t\t\t\t\tdata-color=\"#ffffff\"\n\t\t\t\t\t\t\t\tdata-rsp_ch=\"on\"\n\t\t\t\t\t\t\t\tdata-xy=\"x:c;xo:1px;y:132px;\"\n\t\t\t\t\t\t\t\tdata-text=\"w:normal;s:50;l:50;\"\n\t\t\t\t\t\t\t\tdata-dim=\"w:1683px;h:282px;\"\n\t\t\t\t\t\t\t\tdata-frame_999=\"o:0;st:w;\"\n\t\t\t\t\t\t\t\tstyle=\"z-index:5;font-family:'Roboto';\"\n\t\t\t\t\t\t\t> \n\t\t\t\t\t\t\t<\/rs-layer><!--\n\n\t\t\t\t\t\t\t--><a\n\t\t\t\t\t\t\t\tid=\"slider-25-slide-57-layer-1\" \n\t\t\t\t\t\t\t\tclass=\"rs-layer rev-btn\"\n\t\t\t\t\t\t\t\thref=\"http:\/\/www.steinkoservierung.de\/kontakt\" target=\"_self\"\n\t\t\t\t\t\t\t\tdata-type=\"button\"\n\t\t\t\t\t\t\t\tdata-color=\"#ffffff\"\n\t\t\t\t\t\t\t\tdata-rsp_ch=\"on\"\n\t\t\t\t\t\t\t\tdata-xy=\"x:c;xo:4px;y:c;\"\n\t\t\t\t\t\t\t\tdata-text=\"w:normal;s:14;l:18;ls:1;\"\n\t\t\t\t\t\t\t\tdata-dim=\"minh:0px;\"\n\t\t\t\t\t\t\t\tdata-actions='o:click;a:menulink;target:_self;url:www.steinkoservierung.de\/kontakt;sp:300;e:none;'\n\t\t\t\t\t\t\t\tdata-padding=\"t:10;r:30;b:10;l:30;\"\n\t\t\t\t\t\t\t\tdata-border=\"bor:30px,30px,30px,30px;\"\n\t\t\t\t\t\t\t\tdata-frame_999=\"o:0;st:w;\"\n\t\t\t\t\t\t\t\tdata-frame_hover=\"c:#000;bgc:#fff;bor:30px,30px,30px,30px;sp:200;\"\n\t\t\t\t\t\t\t\tstyle=\"z-index:6;background-color:rgba(0,0,0,0.75);font-family:'Roboto';text-transform:uppercase;\"\n\t\t\t\t\t\t\t>Contact <i class=\"fa-chevron-right\"><\/i> \n\t\t\t\t\t\t\t<\/a><!--\n-->\t\t\t\t\t<\/rs-slide>\n\t\t\t\t\t<\/rs-slides>\n\t\t\t\t<\/rs-module>\n\t\t\t\t<script>\n\t\t\t\t\tsetREVStartSize({c: 'rev_slider_25_1',rl:[1240,1024,778,480],el:[600],gw:[1920],gh:[600],type:'standard',justify:'',layout:'fullwidth',mh:\"0\"});if (window.RS_MODULES!==undefined && window.RS_MODULES.modules!==undefined && window.RS_MODULES.modules[\"revslider251\"]!==undefined) {window.RS_MODULES.modules[\"revslider251\"].once = false;window.revapi25 = undefined;if (window.RS_MODULES.checkMinimal!==undefined) window.RS_MODULES.checkMinimal()}\n\t\t\t\t<\/script>\n\t\t\t<\/rs-module-wrap>\n\t\t\t<!-- END REVOLUTION SLIDER -->\n<\/div><\/div><\/div><\/div><\/div><\/section>\n","protected":false},"excerpt":{"rendered":"[rev_slider_vc alias=\"start_fr\"][\/rev_slider_vc]Bienvenue chez la soci\u00e9t\u00e9 JBACH GmbH JBACH est votre sp\u00e9cialiste de la modification et conservation de substances poreuses avec une expertise unique dans le domaine de la pr\u00e9servation \u00e0 long terme de monuments en pierre naturelle. Les probl\u00e8mes statiques des monuments sont r\u00e9solus gr\u00e2ce au proc\u00e9d\u00e9 brevet\u00e9 AVT et le maintien d\u2019objets fortement en...","protected":false},"author":2,"featured_media":0,"parent":0,"menu_order":0,"comment_status":"closed","ping_status":"closed","template":"","meta":[],"_links":{"self":[{"href":"https:\/\/www.steinkonservierung.com\/fr\/wp-json\/wp\/v2\/pages\/923"}],"collection":[{"href":"https:\/\/www.steinkonservierung.com\/fr\/wp-json\/wp\/v2\/pages"}],"about":[{"href":"https:\/\/www.steinkonservierung.com\/fr\/wp-json\/wp\/v2\/types\/page"}],"author":[{"embeddable":true,"href":"https:\/\/www.steinkonservierung.com\/fr\/wp-json\/wp\/v2\/users\/2"}],"replies":[{"embeddable":true,"href":"https:\/\/www.steinkonservierung.com\/fr\/wp-json\/wp\/v2\/comments?post=923"}],"version-history":[{"count":6,"href":"https:\/\/www.steinkonservierung.com\/fr\/wp-json\/wp\/v2\/pages\/923\/revisions"}],"predecessor-version":[{"id":1015,"href":"https:\/\/www.steinkonservierung.com\/fr\/wp-json\/wp\/v2\/pages\/923\/revisions\/1015"}],"wp:attachment":[{"href":"https:\/\/www.steinkonservierung.com\/fr\/wp-json\/wp\/v2\/media?parent=923"}],"curies":[{"name":"wp","href":"https:\/\/api.w.org\/{rel}","templated":true}]}}