{"id":922,"date":"2021-02-05T13:27:10","date_gmt":"2021-02-05T12:27:10","guid":{"rendered":"https:\/\/www.steinkonservierung.com\/agbs\/"},"modified":"2021-02-05T13:27:10","modified_gmt":"2021-02-05T12:27:10","slug":"agbs","status":"publish","type":"page","link":"https:\/\/www.steinkonservierung.com\/en\/agbs\/","title":{"rendered":"AGBs"},"content":{"rendered":"<section class=\"l-section wpb_row height_auto width_full\"><div class=\"l-section-h i-cf\"><div class=\"g-cols vc_row via_flex valign_top type_default stacking_default\"><div class=\"vc_col-sm-12 wpb_column vc_column_container\"><div class=\"vc_column-inner\"><div class=\"wpb_wrapper\">[rev_slider_vc alias=&#8221;Home-AZ&#8221;]<\/div><\/div><\/div><\/div><\/div><\/section><section class=\"l-section wpb_row height_medium\"><div class=\"l-section-h i-cf\"><div class=\"g-cols vc_row via_flex valign_top type_default stacking_default\"><div class=\"vc_col-sm-12 wpb_column vc_column_container\"><div class=\"vc_column-inner\"><div class=\"wpb_wrapper\"><div class=\"wpb_text_column\"><div class=\"wpb_wrapper\"><h1 class=\"top-margin-0\">Allgemeine Gesch\u00e4ftsbedingungen<\/h1>\n<h2>Gesch\u00e4ftsbedingungen der b-j Entwicklungs- &amp; Lizenzgesellschaft mbH und der JBACH GmbH, Sche\u00dflitz<\/h2>\n<h3><strong>\u00a0<\/strong>1 <u>Allgemeines<\/u><\/h3>\n<ul>\n<li>Diese Gesch\u00e4ftsverbindungen sind rechtsverbindlich f\u00fcr alle gesch\u00e4ftlichen Beziehungen zwischen uns und dem Leistungsempf\u00e4nger. Abweichende Vereinbarungen bed\u00fcrfen unserer schriftlichen Best\u00e4tigung und haben jeweils nur f\u00fcr den einzelnen Vertrag G\u00fcltigkeit.<\/li>\n<li>Entgegenstehenden Bedingungen des Leistungsempf\u00e4ngers wird ausdr\u00fccklich widersprochen. Im \u00fcbrigen unterwirft sich jeder Leistungsempf\u00e4nger den Bestimmungen des deutschen HGB.<\/li>\n<\/ul>\n<p>&nbsp;<\/p>\n<h3>2 <u>Angebot, Preis und Vertragsabschlu\u00df<\/u><\/h3>\n<ul>\n<li>Unsere Angebote sind freibleibend.<\/li>\n<li>Unsere Preise gelten ab Betriebsst\u00e4tte. Die Preise st\u00fctzen sich auf die am Tage der Preisansetzung zul\u00e4ssigen Berechnungsgrundlagen, die gesetzliche Umsatzsteuer ist stets hinzuzurechnen.<\/li>\n<li>Wenn und insoweit von den Landesdenkmal\u00e4mtern eine Dokumentation der Restaurierung und Konservierungsma\u00dfnahme gefordert wird, obliegt diese Dokumentationspflicht dem Leistungsempf\u00e4nger.<\/li>\n<li>Unser Vertragspartner ist grunds\u00e4tzlich der mit der Restaurierung bzw. Konservierung Beauftragte (d. h. Anlieferer der Objekte und Unterzeichner unseres Anlieferungsformblattes). In Ausnahmef\u00e4llen sind wir bereit, den Eigent\u00fcmer der zu konservierenden Objekte als Vertragspartner anzuerkennen, wenn uns vom Beauftragten eine entsprechende Erkl\u00e4rung des Eigent\u00fcmers vorgelegt wird. Erfolgt diese nicht, ist immer der Beauftragte unser Vertragspartner und haftet f\u00fcr die Zahlung unseres Leistungspreises.<\/li>\n<\/ul>\n<p>&nbsp;<\/p>\n<h3>3 <u>Zahlungsbedingungen<\/u><\/h3>\n<p>Unsere Forderungen sind unabh\u00e4ngig von der auszuf\u00fchrenden Leistung innerhalb der<\/p>\n<p>auf der Auftragsbest\u00e4tigung oder Rechnung einger\u00e4umten Frist in bar ohne Abzug zahlbar.<\/p>\n<p>&nbsp;<\/p>\n<h3>4 <u>Leistungspflicht und Leistungsaufhebung<\/u><\/h3>\n<ul>\n<li>Die von uns in Aussicht gestellten Lieferzeiten geben nach bestem Ermessen einen ann\u00e4hernden Terminhinweis und gelten vorbehaltlich unvorhergesehener Ereignisse und h\u00f6herer Gewalt..<\/li>\n<li>Die Leistungszeit beginnt mit dem Tag der Auftragsbest\u00e4tigung, jedoch nicht vor Klarstellung s\u00e4mtlicher Leistungseinzelheiten und Kl\u00e4rung aller technische Fragen.<\/li>\n<li>Bei Leistungsverzug mu\u00df der Empf\u00e4nger uns eine angemessenen Nachfrist zubilligen, nach deren Ablauf er erst von dem Vertrag zur\u00fccktreten kann, wenn bis dahin nicht die Leistung erfolgt ist. Schadenersatzanspr\u00fcche jeder Art sind von seiten des Leistungsempf\u00e4ngers wegen unserer Nichterf\u00fcllung oder versp\u00e4teter Erf\u00fcllung ausgeschlossen.<\/li>\n<li>Der Leistungspflicht sind wir entbunden, wenn sich bei Durchf\u00fchrung des Auftrages herausstellt, das Voraussetzungen an dem Objekt vorliegen, die bei Angebotsabgabe und Auftragsnahme nicht erkennbar waren und ein Erbringen der Leistung nicht zulassen.<\/li>\n<li>Sofern ein R\u00fccktritt von dem Vertrag wirksam wird, hat uns der Leistungsempf\u00e4nger s\u00e4mtliche, infolge des Vertrages gemachten Aufwendungen zu ersetzen.<\/li>\n<\/ul>\n<p>&nbsp;<\/p>\n<h3>5 <u>Gefahren\u00fcbergang und Leistungsabnahme<\/u><\/h3>\n<p>Erf\u00fcllungsort f\u00fcr die Leistung ist unsere Betriebsst\u00e4tte. Transportversicherungen werden von uns<\/p>\n<p>nicht\u00a0 abgeschlossen, da An- und Abtransport auf Gefahr des und vom Leistungsempf\u00e4nger<\/p>\n<p>durchzuf\u00fchren sind.<\/p>\n<p>&nbsp;<\/p>\n<h3>6 <u>Gew\u00e4hrleistung<\/u><\/h3>\n<ul>\n<li>Gew\u00e4hrleistungen erfolgen im Rahmen der gesetzlichen Bestimmungen nach BGB.<\/li>\n<li>In Abstimmung mit der Denkmalpflege ist auf Basis der bisher vorliegenden Erkenntnisse eine Informationsschrift \u201eFlankierende Ma\u00dfnahmen\u201c erarbeitet worden. Diese Schrift steht allen Leistungsempf\u00e4ngern zur Verf\u00fcgung und wird, falls erforderlich, laufend erg\u00e4nzt. F\u00fcr Sch\u00e4den, die auf Nichtbeachtung der hierin aufgezeigten notwendigen vorbereitenden und nachbereitenden Arbeiten zur\u00fcckzuf\u00fchren sind, entf\u00e4llt unsere Gew\u00e4hrleistungspflicht.<\/li>\n<li>Die Volltr\u00e4nkung erfolgt mit einer sehr niedrig viskosen Substanz. Materialbedingt kann es w\u00e4hrend des Tr\u00e4nkungsablaufs dazu kommen, da\u00df diese Substanz aus breiteren Rissen und Spalten ausl\u00e4uft. Es geh\u00f6rt zum Aufgabenbereich des Restaurators, diese Stellen zu ermitteln und zu verspritzen.<\/li>\n<li>Mangelnde Durchtr\u00e4nkung an Stellen, die auf \u00fcberdurchschnittliche Versalzung oder auf fr\u00fchere Behandlungen zur\u00fcckzuf\u00fchren sind, k\u00f6nnen u. U. auftreten. Werden solche Stellen im Nachhinein festgestellt, so m\u00fcssen sie verspritzt werden. Dies ist kein Grund, auf mangelnde Durchtr\u00e4nkung zu schlie\u00dfen.<\/li>\n<\/ul>\n<p>&nbsp;<\/p>\n<h3>7 <u>Erf\u00fcllungsort und Gerichtsstand<\/u><\/h3>\n<p>Ort der Erf\u00fcllung unsere Leistung ist Sche\u00dflitz.\u00a0\u00a0\u00a0\u00a0\u00a0\u00a0\u00a0\u00a0\u00a0\u00a0\u00a0\u00a0\u00a0\u00a0\u00a0\u00a0\u00a0\u00a0\u00a0\u00a0\u00a0\u00a0\u00a0\u00a0\u00a0\u00a0 \u00a0\u00a0\u00a0\u00a0 JBACH Steinkonservierung GmbH &amp; Co KG<\/p>\n<p>Gerichtsstand f\u00fcr beide Teile ist in allen F\u00e4llen Bamberg.\u00a0\u00a0\u00a0\u00a0\u00a0\u00a0\u00a0\u00a0\u00a0\u00a0\u00a0\u00a0 Bischberg\/Sche\u00dflitz<\/p>\n<p><strong>Diese Gesch\u00e4ftsbedingungen der \u2013 inzwischen liquidierten &#8211; <\/strong><strong>JBACH Steinkonservierung GmbH &amp; Co KG gelten auch f\u00fcr die Konservierungsarbeiten der JBACH GmbH gegen\u00fcber dem Lizenzinhaber, der b-j Entwicklungs- &amp; Lizenzgesellschaft\u00a0 m.b.H.\u00a0 und \u2013 weitergeleitet \u2013 f\u00fcr die Beziehungen zwischen der b-j und deren Kunden. \u00a0\u00a0\u00a0\u00a0\u00a0\u00a0\u00a0\u00a0\u00a0\u00a0\u00a0\u00a0\u00a0\u00a0\u00a0\u00a0\u00a0\u00a0Sche\u00dflitz, 1. Januar, 2021<\/strong><\/p>\n<p class=\"bottom-margin-0\">JBACH GmbH<br \/>\nDr. h.c. Hermann Wolf Jbach (Gesch\u00e4ftsf\u00fchrer)<br \/>\nTannenstra\u00dfe 8<br \/>\n96120 Bischberg<br \/>\n<b>Tel.: <\/b>+49 951 68036<br \/>\n<b>Fax:<\/b> +49 951 68039<span id=\"inhalt\"><br \/>\n<strong>E-Mail:<\/strong> <a href=\"mailto:&quot;wolf@ibach.eu&quot;\">wolf(at)ibach.eu<\/a><br \/>\n<\/span><\/p>\n<p>b-i Enwicklungsgesellschaft mbH<br \/>\nDr. h.c. Hermann Wolf Jbach (Gesch\u00e4ftsf\u00fchrer), Michael Keinert (Gesch\u00e4ftsf\u00fchrer)<br \/>\nDr. rer. nat. Gunthard Scholz (Prokurist)<br \/>\nAlte Ziegelei<br \/>\n96110 Sche\u00dflitz<br \/>\n<b>Tel.: <\/b>+49 9542 8026<br \/>\n<b>Fax:<\/b> +49 9542 77440-21<span id=\"inhalt\"><br \/>\n<strong>E-Mail:<\/strong> <a href=\"http:\/\/b-i@ibach.eu\">b-i(at)ibach.eu<\/a><\/span><\/p>\n<\/div><\/div><div class=\"g-cols wpb_row via_flex valign_top type_default stacking_default\"><div class=\"vc_col-sm-6 wpb_column vc_column_container\"><div class=\"vc_column-inner\"><div class=\"wpb_wrapper\"><div class=\"wpb_text_column\"><div class=\"wpb_wrapper\"><p style=\"text-align: center;\">Download Link AGBs<\/p>\n<\/div><\/div><div class=\"w-image align_none\"><div class=\"w-image-h\"><img width=\"150\" height=\"150\" src=\"https:\/\/www.steinkonservierung.com\/wp-content\/uploads\/pdf-icon-symbol-5-150x150.png\" class=\"attachment-thumbnail size-thumbnail\" alt=\"\" decoding=\"async\" loading=\"lazy\" srcset=\"https:\/\/www.steinkonservierung.com\/wp-content\/uploads\/pdf-icon-symbol-5-150x150.png 150w, https:\/\/www.steinkonservierung.com\/wp-content\/uploads\/pdf-icon-symbol-5-300x300.png 300w, https:\/\/www.steinkonservierung.com\/wp-content\/uploads\/pdf-icon-symbol-5.png 1024w, https:\/\/www.steinkonservierung.com\/wp-content\/uploads\/pdf-icon-symbol-5-64x64.png 64w, https:\/\/www.steinkonservierung.com\/wp-content\/uploads\/pdf-icon-symbol-5-400x400.png 400w\" sizes=\"(max-width: 150px) 100vw, 150px\" \/><\/div><\/div><\/div><\/div><\/div><div class=\"vc_col-sm-6 wpb_column vc_column_container\"><div class=\"vc_column-inner\"><div class=\"wpb_wrapper\"><\/div><\/div><\/div><\/div><\/div><\/div><\/div><\/div><\/div><\/section>\n","protected":false},"excerpt":{"rendered":"[rev_slider_vc alias=\"Home-AZ\"]Allgemeine Gesch\u00e4ftsbedingungen Gesch\u00e4ftsbedingungen der b-j Entwicklungs- &amp; Lizenzgesellschaft mbH und der JBACH GmbH, Sche\u00dflitz \u00a01 Allgemeines Diese Gesch\u00e4ftsverbindungen sind rechtsverbindlich f\u00fcr alle gesch\u00e4ftlichen Beziehungen zwischen uns und dem Leistungsempf\u00e4nger. Abweichende Vereinbarungen bed\u00fcrfen unserer schriftlichen Best\u00e4tigung und haben jeweils nur f\u00fcr den einzelnen Vertrag G\u00fcltigkeit. Entgegenstehenden Bedingungen des Leistungsempf\u00e4ngers wird ausdr\u00fccklich widersprochen. Im \u00fcbrigen unterwirft...","protected":false},"author":2,"featured_media":0,"parent":0,"menu_order":0,"comment_status":"closed","ping_status":"closed","template":"","meta":[],"_links":{"self":[{"href":"https:\/\/www.steinkonservierung.com\/en\/wp-json\/wp\/v2\/pages\/922"}],"collection":[{"href":"https:\/\/www.steinkonservierung.com\/en\/wp-json\/wp\/v2\/pages"}],"about":[{"href":"https:\/\/www.steinkonservierung.com\/en\/wp-json\/wp\/v2\/types\/page"}],"author":[{"embeddable":true,"href":"https:\/\/www.steinkonservierung.com\/en\/wp-json\/wp\/v2\/users\/2"}],"replies":[{"embeddable":true,"href":"https:\/\/www.steinkonservierung.com\/en\/wp-json\/wp\/v2\/comments?post=922"}],"version-history":[{"count":0,"href":"https:\/\/www.steinkonservierung.com\/en\/wp-json\/wp\/v2\/pages\/922\/revisions"}],"wp:attachment":[{"href":"https:\/\/www.steinkonservierung.com\/en\/wp-json\/wp\/v2\/media?parent=922"}],"curies":[{"name":"wp","href":"https:\/\/api.w.org\/{rel}","templated":true}]}}